{"id":8056,"date":"2025-02-09T17:18:13","date_gmt":"2025-02-09T15:18:13","guid":{"rendered":"https:\/\/anp-genealogy.ch\/disclaimer\/"},"modified":"2026-04-01T17:08:11","modified_gmt":"2026-04-01T15:08:11","slug":"avertissement","status":"publish","type":"page","link":"https:\/\/anp-genealogy.ch\/fr\/avertissement\/","title":{"rendered":"Avertissement"},"content":{"rendered":"\t\t<div data-elementor-type=\"wp-page\" data-elementor-id=\"8056\" class=\"elementor elementor-8056 elementor-2716\" data-elementor-post-type=\"page\">\n\t\t\t\t<div class=\"elementor-element elementor-element-618064b2 e-flex e-con-boxed e-con e-parent\" data-id=\"618064b2\" data-element_type=\"container\" data-e-type=\"container\">\n\t\t\t\t\t<div class=\"e-con-inner\">\n\t\t\t\t<div class=\"elementor-element elementor-element-26f0758 elementor-widget elementor-widget-shortcode\" data-id=\"26f0758\" data-element_type=\"widget\" data-e-type=\"widget\" data-widget_type=\"shortcode.default\">\n\t\t\t\t<div class=\"elementor-widget-container\">\n\t\t\t\t\t\t\t<div class=\"elementor-shortcode\">\n<!-- Legal document generated by Complianz | GDPR\/CCPA Cookie Consent https:\/\/wordpress.org\/plugins\/complianz-gdpr -->\n<div id=\"cmplz-document\" class=\"cmplz-document disclaimer cmplz-document-all\"><p>Aicher, Nobs and Partner GmbH s'engage \u00e0 maintenir ce site web \u00e0 jour et exact. Si toutefois vous constatez une information incorrecte ou obsol\u00e8te, nous vous serions reconnaissants de nous le signaler. Veuillez indiquer l'emplacement de l'information sur le site. Nous examinerons votre demande dans les plus brefs d\u00e9lais. Veuillez envoyer votre r\u00e9ponse par courriel \u00e0\u00a0: <span class=\"cmplz-obfuscate\">of&#102;&#105;&#099;e@<span class=\"cmplz-fmail-domain\">&#101;&#120;.com<\/span>&#097;&#110;&#112;&#045;&#103;&#101;nea&#108;og&#121;&#046;&#099;&#104;<\/span>.<\/p><p>Nous d\u00e9clinons toute responsabilit\u00e9 en cas de perte r\u00e9sultant d'inexactitudes ou d'informations incompl\u00e8tes, ainsi que pour les pertes dues \u00e0 des probl\u00e8mes inh\u00e9rents \u00e0 la diffusion d'informations via Internet, tels que des perturbations ou des interruptions. Lors de l'utilisation de formulaires web, nous nous effor\u00e7ons de limiter au minimum le nombre de champs obligatoires. Aicher, Nobs and Partner GmbH d\u00e9cline toute responsabilit\u00e9 pour toute perte subie suite \u00e0 l'utilisation de donn\u00e9es, de conseils ou d'id\u00e9es fournis par ou au nom de Aicher, Nobs and Partner GmbH via ce site web.<\/p><p>Aicher, Nobs and Partner GmbH mettra en \u0153uvre tous les moyens raisonnables pour prot\u00e9ger ses syst\u00e8mes contre toute utilisation illicite. Aicher, Nobs and Partner GmbH mettra en \u0153uvre \u00e0 cette fin les mesures techniques et organisationnelles appropri\u00e9es, en tenant compte notamment des technologies de pointe. Toutefois, sa responsabilit\u00e9 ne saurait \u00eatre engag\u00e9e pour tout pr\u00e9judice, direct ou indirect, subi par un utilisateur du site web et r\u00e9sultant de l'utilisation illicite de ses syst\u00e8mes par un tiers.<\/p><p>Aicher, Nobs and Partner GmbH d\u00e9cline toute responsabilit\u00e9 quant au contenu des sites web vers lesquels ou depuis lesquels un lien hypertexte ou toute autre r\u00e9f\u00e9rence est \u00e9tabli. Les produits ou services propos\u00e9s par des tiers sont soumis aux conditions g\u00e9n\u00e9rales applicables de ces tiers.<\/p><p>Tous les droits de propri\u00e9t\u00e9 intellectuelle sur le contenu de ce site Web appartiennent \u00e0 Aicher, Nobs and Partner GmbH.<\/p><p>La copie, la diffusion et toute autre utilisation de ces documents ne sont pas autoris\u00e9es sans l'autorisation \u00e9crite de Aicher, Nobs and Partner GmbH, sauf et seulement dans la mesure o\u00f9 cela est stipul\u00e9 par ailleurs dans les r\u00e8glements de la loi imp\u00e9rative (tels que le droit de citer), \u00e0 moins que le contenu sp\u00e9cifique n'en dispose autrement.<\/p><p>Si vous avez des questions ou des probl\u00e8mes concernant l'accessibilit\u00e9 du site web, n'h\u00e9sitez pas \u00e0 nous contacter.<\/p><\/div><\/div>\n\t\t\t\t\t\t<\/div>\n\t\t\t\t<\/div>\n\t\t\t\t\t<\/div>\n\t\t\t\t<\/div>\n\t\t\t\t<\/div>\n\t\t","protected":false},"excerpt":{"rendered":"","protected":false},"author":1,"featured_media":0,"parent":0,"menu_order":0,"comment_status":"closed","ping_status":"closed","template":"","meta":{"footnotes":""},"class_list":["post-8056","page","type-page","status-publish","hentry"],"_links":{"self":[{"href":"https:\/\/anp-genealogy.ch\/fr\/wp-json\/wp\/v2\/pages\/8056","targetHints":{"allow":["GET"]}}],"collection":[{"href":"https:\/\/anp-genealogy.ch\/fr\/wp-json\/wp\/v2\/pages"}],"about":[{"href":"https:\/\/anp-genealogy.ch\/fr\/wp-json\/wp\/v2\/types\/page"}],"author":[{"embeddable":true,"href":"https:\/\/anp-genealogy.ch\/fr\/wp-json\/wp\/v2\/users\/1"}],"replies":[{"embeddable":true,"href":"https:\/\/anp-genealogy.ch\/fr\/wp-json\/wp\/v2\/comments?post=8056"}],"version-history":[{"count":1,"href":"https:\/\/anp-genealogy.ch\/fr\/wp-json\/wp\/v2\/pages\/8056\/revisions"}],"predecessor-version":[{"id":8219,"href":"https:\/\/anp-genealogy.ch\/fr\/wp-json\/wp\/v2\/pages\/8056\/revisions\/8219"}],"wp:attachment":[{"href":"https:\/\/anp-genealogy.ch\/fr\/wp-json\/wp\/v2\/media?parent=8056"}],"curies":[{"name":"wp","href":"https:\/\/api.w.org\/{rel}","templated":true}]}}