{"id":8054,"date":"2025-02-09T17:12:06","date_gmt":"2025-02-09T15:12:06","guid":{"rendered":"https:\/\/anp-genealogy.ch\/privacy-statement\/"},"modified":"2026-04-01T17:09:34","modified_gmt":"2026-04-01T15:09:34","slug":"declaration-de-confidentialite","status":"publish","type":"page","link":"https:\/\/anp-genealogy.ch\/fr\/declaration-de-confidentialite\/","title":{"rendered":"D\u00e9claration de confidentialit\u00e9"},"content":{"rendered":"\t\t<div data-elementor-type=\"wp-page\" data-elementor-id=\"8054\" class=\"elementor elementor-8054 elementor-2700\" data-elementor-post-type=\"page\">\n\t\t\t\t<div class=\"elementor-element elementor-element-7bbbacf e-flex e-con-boxed e-con e-parent\" data-id=\"7bbbacf\" data-element_type=\"container\" data-e-type=\"container\">\n\t\t\t\t\t<div class=\"e-con-inner\">\n\t\t<div class=\"elementor-element elementor-element-0d75ac3 e-con-full e-flex e-con e-child\" data-id=\"0d75ac3\" data-element_type=\"container\" data-e-type=\"container\">\n\t\t\t\t<div class=\"elementor-element elementor-element-0556c4a elementor-widget elementor-widget-shortcode\" data-id=\"0556c4a\" data-element_type=\"widget\" data-e-type=\"widget\" data-widget_type=\"shortcode.default\">\n\t\t\t\t<div class=\"elementor-widget-container\">\n\t\t\t\t\t\t\t<div class=\"elementor-shortcode\">\n<!-- Legal document generated by Complianz | GDPR\/CCPA Cookie Consent https:\/\/wordpress.org\/plugins\/complianz-gdpr -->\n<div id=\"cmplz-document\" class=\"cmplz-document privacy-statement cmplz-document-eu\"><p><i>Cette d\u00e9claration de confidentialit\u00e9 a \u00e9t\u00e9 mise \u00e0 jour pour la derni\u00e8re fois le mars 31, 2026 et s'applique aux citoyens et r\u00e9sidents permanents l\u00e9gaux de l'Espace \u00e9conomique europ\u00e9en et de la Suisse.<\/i><br \/><br \/><\/p><p><p>Dans la pr\u00e9sente d\u00e9claration de confidentialit\u00e9, nous expliquons comment nous utilisons les donn\u00e9es que nous recueillons vous concernant via <a href=\"https:\/\/anp-genealogy.ch\/fr\/\">https:\/\/anp-genealogy.ch\/fr\/<\/a>. Nous vous recommandons de lire attentivement cette d\u00e9claration. Le traitement de vos donn\u00e9es est conforme \u00e0 la l\u00e9gislation en vigueur en mati\u00e8re de protection des donn\u00e9es. Cela signifie notamment que\u00a0:<\/p><ul>\n                <li>Nous indiquons clairement les finalit\u00e9s pour lesquelles nous traitons les donn\u00e9es personnelles. Nous le faisons au moyen de la pr\u00e9sente d\u00e9claration de confidentialit\u00e9\u00a0;<\/li>\n                <li>Notre objectif est de limiter la collecte de donn\u00e9es personnelles aux seules donn\u00e9es personnelles n\u00e9cessaires \u00e0 des fins l\u00e9gitimes\u00a0;<\/li>\n                <li>Nous vous demandons d'abord votre consentement explicite pour traiter vos donn\u00e9es personnelles dans les cas o\u00f9 votre consentement est requis\u00a0;<\/li>\n                <li>Nous prenons les mesures de s\u00e9curit\u00e9 appropri\u00e9es pour prot\u00e9ger vos donn\u00e9es personnelles et exigeons \u00e9galement cela des parties qui traitent des donn\u00e9es personnelles pour notre compte\u00a0;<\/li>\n                <li>Nous respectons votre droit d'acc\u00e9der \u00e0 vos donn\u00e9es personnelles, de les faire rectifier ou supprimer, sur votre demande.<\/li>\n            <\/ul><p>Si vous avez des questions ou souhaitez savoir exactement quelles donn\u00e9es nous conservons vous concernant, veuillez nous contacter.<\/p><\/p><h2>1. Objectif, donn\u00e9es et dur\u00e9e de conservation<\/h2>Nous pouvons collecter ou recevoir des renseignements personnels \u00e0 diverses fins li\u00e9es \u00e0 nos activit\u00e9s commerciales, notamment les suivantes\u00a0: (cliquez pour d\u00e9velopper)<details class=\"cmplz-dropdown dropdown-privacy-statement\"><summary><div><h3>1.1 Contact \u2013 Par t\u00e9l\u00e9phone, courrier, courriel et\/ou formulaires web<\/h3><\/div><\/summary><p class=\"cmplz-subtitle\">\u00c0 cette fin, nous utilisons les donn\u00e9es suivantes\u00a0:<\/p><p><ul><li>Un pr\u00e9nom et un nom de famille<\/li><li>Une adresse e-mail<\/li><li>Un num\u00e9ro de t\u00e9l\u00e9phone<\/li><\/ul><\/p><p class=\"cmplz-subtitle\">Le fondement juridique sur lequel nous pouvons traiter ces donn\u00e9es est le suivant\u00a0:<\/p><p><a target=\"_blank\" rel=\"noopener noreferrer nofollow\" href=\"https:\/\/cookiedatabase.org\/legal-bases\/#consent\">Sous r\u00e9serve de l'obtention du consentement.<\/a><\/p><p class=\"cmplz-subtitle\">P\u00e9riode de r\u00e9tention<\/p><p>Nous conservons ces donn\u00e9es jusqu'\u00e0 la r\u00e9siliation du service.<\/p><\/details><h2>2. Cookies<\/h2><p>Notre site web utilise des cookies. Pour plus d'informations sur les cookies, veuillez consulter notre <a href=\"https:\/\/anp-genealogy.ch\/fr\/politique-relative-aux-cookies\/\">Cookie Policy<\/a>.&nbsp;<\/p><h2>3. Pratiques de divulgation<\/h2><p><p>Nous divulguons des renseignements personnels si la loi ou une ordonnance judiciaire nous y oblige, en r\u00e9ponse \u00e0 une demande d'un organisme d'application de la loi, dans la mesure permise par d'autres dispositions l\u00e9gales, pour fournir des renseignements ou dans le cadre d'une enqu\u00eate sur une question li\u00e9e \u00e0 la s\u00e9curit\u00e9 publique.<\/p><p>Si notre site web ou notre organisation est rachet\u00e9, vendu ou impliqu\u00e9 dans une fusion ou une acquisition, vos informations pourront \u00eatre divulgu\u00e9es \u00e0 nos conseillers et \u00e0 tout acheteur potentiel et seront transmises aux nouveaux propri\u00e9taires.<\/p><\/p><h2>4. S\u00e9curit\u00e9<\/h2><p>Nous nous engageons \u00e0 assurer la s\u00e9curit\u00e9 de vos donn\u00e9es personnelles. Nous prenons les mesures de s\u00e9curit\u00e9 appropri\u00e9es pour limiter les abus et les acc\u00e8s non autoris\u00e9s \u00e0 vos donn\u00e9es. Ainsi, seules les personnes autoris\u00e9es y ont acc\u00e8s, cet acc\u00e8s est prot\u00e9g\u00e9 et nos mesures de s\u00e9curit\u00e9 sont r\u00e9guli\u00e8rement mises \u00e0 jour.<\/p><h2>5. Sites Web tiers<\/h2><p>La pr\u00e9sente d\u00e9claration de confidentialit\u00e9 ne s'applique pas aux sites web tiers accessibles via des liens pr\u00e9sents sur notre site. Nous ne pouvons garantir que ces tiers traitent vos donn\u00e9es personnelles de mani\u00e8re fiable et s\u00e9curis\u00e9e. Nous vous recommandons de consulter les d\u00e9clarations de confidentialit\u00e9 de ces sites web avant de les utiliser.<\/p><h2>6. Modifications apport\u00e9es \u00e0 la pr\u00e9sente d\u00e9claration de confidentialit\u00e9<\/h2><p>Nous nous r\u00e9servons le droit de modifier la pr\u00e9sente d\u00e9claration de confidentialit\u00e9. Nous vous recommandons de la consulter r\u00e9guli\u00e8rement afin de prendre connaissance de toute modification. De plus, nous vous informerons activement dans la mesure du possible.<\/p><h2>7. Acc\u00e9der \u00e0 vos donn\u00e9es et les modifier<\/h2><p>Pour toute question ou pour savoir quelles donn\u00e9es personnelles nous d\u00e9tenons vous concernant, veuillez nous contacter. Vous pouvez nous contacter en utilisant les informations ci-dessous. Vous disposez des droits suivants\u00a0:<\/p><ul>\n                <li>Vous avez le droit de savoir pourquoi vos donn\u00e9es personnelles sont n\u00e9cessaires, ce qu'il adviendra de ces donn\u00e9es et pendant combien de temps elles seront conserv\u00e9es.<\/li>\n                <li>Droit d\u2019acc\u00e8s\u00a0: Vous avez le droit d\u2019acc\u00e9der \u00e0 vos donn\u00e9es personnelles que nous d\u00e9tenons.<\/li>\n                <li>Droit de rectification\u00a0: vous avez le droit de compl\u00e9ter, corriger, supprimer ou bloquer vos donn\u00e9es personnelles \u00e0 tout moment.<\/li>\n                <li>Si vous nous donnez votre consentement pour le traitement de vos donn\u00e9es, vous avez le droit de retirer ce consentement et de faire supprimer vos donn\u00e9es personnelles.<\/li>\n                <li>Droit \u00e0 la portabilit\u00e9 des donn\u00e9es\u00a0: vous avez le droit de demander au responsable du traitement l\u2019int\u00e9gralit\u00e9 de vos donn\u00e9es personnelles et de les transf\u00e9rer \u00e0 un autre responsable du traitement.<\/li>\n                <li>Droit d\u2019opposition\u00a0: vous pouvez vous opposer au traitement de vos donn\u00e9es. Nous respectons ce droit, sauf s\u2019il existe des motifs l\u00e9gitimes et justifi\u00e9s pour le traitement.<\/li>\n            <\/ul><p>Veuillez toujours indiquer clairement votre identit\u00e9, afin que nous puissions \u00eatre certains de ne pas modifier ou supprimer les donn\u00e9es d'une autre personne.<\/p><h2>8. D\u00e9poser une plainte<\/h2><p>Si vous n'\u00eates pas satisfait de la mani\u00e8re dont nous traitons (une r\u00e9clamation concernant) le traitement de vos donn\u00e9es personnelles, vous avez le droit de d\u00e9poser une plainte aupr\u00e8s de l'Autorit\u00e9 de protection des donn\u00e9es.<\/p><h2>9. Coordonn\u00e9es<\/h2><p>Aicher, Nobs and Partner GmbH<br \/>\n        Selnaustrasse 33, 8001, Z\u00fcrich<br \/>\n        Suisse<br \/>\n        Site web: <a href=\"https:\/\/anp-genealogy.ch\/fr\/\">https:\/\/anp-genealogy.ch\/fr\/<\/a> <br \/>\n        E-mail: <span class=\"cmplz-obfuscate\">off&#105;&#099;&#101;@<span class=\"cmplz-fmail-domain\">ex&#046;c&#111;m<\/span>a&#110;&#112;&#045;ge&#110;ea&#108;og&#121;.ch<\/span> <br \/>\n        Num\u00e9ro de t\u00e9l\u00e9phone: +41 (0) 44 742 20 83<\/p><\/div><\/div>\n\t\t\t\t\t\t<\/div>\n\t\t\t\t<\/div>\n\t\t\t\t<\/div>\n\t\t\t\t\t<\/div>\n\t\t\t\t<\/div>\n\t\t\t\t<\/div>\n\t\t","protected":false},"excerpt":{"rendered":"","protected":false},"author":1,"featured_media":0,"parent":0,"menu_order":0,"comment_status":"closed","ping_status":"closed","template":"","meta":{"footnotes":""},"class_list":["post-8054","page","type-page","status-publish","hentry"],"_links":{"self":[{"href":"https:\/\/anp-genealogy.ch\/fr\/wp-json\/wp\/v2\/pages\/8054","targetHints":{"allow":["GET"]}}],"collection":[{"href":"https:\/\/anp-genealogy.ch\/fr\/wp-json\/wp\/v2\/pages"}],"about":[{"href":"https:\/\/anp-genealogy.ch\/fr\/wp-json\/wp\/v2\/types\/page"}],"author":[{"embeddable":true,"href":"https:\/\/anp-genealogy.ch\/fr\/wp-json\/wp\/v2\/users\/1"}],"replies":[{"embeddable":true,"href":"https:\/\/anp-genealogy.ch\/fr\/wp-json\/wp\/v2\/comments?post=8054"}],"version-history":[{"count":1,"href":"https:\/\/anp-genealogy.ch\/fr\/wp-json\/wp\/v2\/pages\/8054\/revisions"}],"predecessor-version":[{"id":8229,"href":"https:\/\/anp-genealogy.ch\/fr\/wp-json\/wp\/v2\/pages\/8054\/revisions\/8229"}],"wp:attachment":[{"href":"https:\/\/anp-genealogy.ch\/fr\/wp-json\/wp\/v2\/media?parent=8054"}],"curies":[{"name":"wp","href":"https:\/\/api.w.org\/{rel}","templated":true}]}}