{"id":8052,"date":"2025-02-09T10:31:58","date_gmt":"2025-02-09T08:31:58","guid":{"rendered":"https:\/\/anp-genealogy.ch\/legal-notice\/"},"modified":"2026-04-01T17:08:42","modified_gmt":"2026-04-01T15:08:42","slug":"mentions-legales","status":"publish","type":"page","link":"https:\/\/anp-genealogy.ch\/fr\/mentions-legales\/","title":{"rendered":"Mentions l\u00e9gales"},"content":{"rendered":"\t\t<div data-elementor-type=\"wp-page\" data-elementor-id=\"8052\" class=\"elementor elementor-8052 elementor-2659\" data-elementor-post-type=\"page\">\n\t\t\t\t<div class=\"elementor-element elementor-element-7bbbacf e-flex e-con-boxed e-con e-parent\" data-id=\"7bbbacf\" data-element_type=\"container\" data-e-type=\"container\">\n\t\t\t\t\t<div class=\"e-con-inner\">\n\t\t\t\t<div class=\"elementor-element elementor-element-6bf51cf elementor-invisible elementor-widget elementor-widget-heading\" data-id=\"6bf51cf\" data-element_type=\"widget\" data-e-type=\"widget\" data-settings=\"{&quot;_animation&quot;:&quot;fadeInUp&quot;,&quot;_animation_delay&quot;:200}\" data-widget_type=\"heading.default\">\n\t\t\t\t<div class=\"elementor-widget-container\">\n\t\t\t\t\t<h1 class=\"elementor-heading-title elementor-size-default\">Informations l\u00e9gales et r\u00e9glementaires<\/h1>\t\t\t\t<\/div>\n\t\t\t\t<\/div>\n\t\t<div class=\"elementor-element elementor-element-0d75ac3 e-con-full e-flex e-con e-child\" data-id=\"0d75ac3\" data-element_type=\"container\" data-e-type=\"container\">\n\t\t\t\t<div class=\"elementor-element elementor-element-cb6a516 elementor-widget__width-inherit elementor-invisible elementor-widget elementor-widget-text-editor\" data-id=\"cb6a516\" data-element_type=\"widget\" data-e-type=\"widget\" data-settings=\"{&quot;_animation&quot;:&quot;fadeInUp&quot;}\" data-widget_type=\"text-editor.default\">\n\t\t\t\t<div class=\"elementor-widget-container\">\n\t\t\t\t\t\t\t\t\t<p><strong> Aicher, Nobs und Partner GmbH <\/strong><\/p>\n<p>Selnaustrasse 33, 8001, Zurich, Suisse<\/p>\n<p>T\u00e9l. : +41 (0) 44 742 20 83<br \/>Fax : +41 (0) 44 742 20 84<br \/>Adresse e-mail : office@anp-genealogy.ch<\/p>\n\t\t\t\t\t\t\t\t<\/div>\n\t\t\t\t<\/div>\n\t\t\t\t<\/div>\n\t\t\t\t\t<\/div>\n\t\t\t\t<\/div>\n\t\t\t\t<\/div>\n\t\t","protected":false},"excerpt":{"rendered":"<p>Informations l\u00e9gales et r\u00e9glementaires Aicher, Nobs und Partner GmbH Selnaustrasse 33, 8001, Zurich, Suisse T\u00e9l. : +41 (0) 44 742 20 83Fax : +41 (0) 44 742 20 84Adresse e-mail : office@anp-genealogy.ch<\/p>\n","protected":false},"author":1,"featured_media":0,"parent":0,"menu_order":0,"comment_status":"closed","ping_status":"closed","template":"","meta":{"footnotes":""},"class_list":["post-8052","page","type-page","status-publish","hentry"],"_links":{"self":[{"href":"https:\/\/anp-genealogy.ch\/fr\/wp-json\/wp\/v2\/pages\/8052","targetHints":{"allow":["GET"]}}],"collection":[{"href":"https:\/\/anp-genealogy.ch\/fr\/wp-json\/wp\/v2\/pages"}],"about":[{"href":"https:\/\/anp-genealogy.ch\/fr\/wp-json\/wp\/v2\/types\/page"}],"author":[{"embeddable":true,"href":"https:\/\/anp-genealogy.ch\/fr\/wp-json\/wp\/v2\/users\/1"}],"replies":[{"embeddable":true,"href":"https:\/\/anp-genealogy.ch\/fr\/wp-json\/wp\/v2\/comments?post=8052"}],"version-history":[{"count":1,"href":"https:\/\/anp-genealogy.ch\/fr\/wp-json\/wp\/v2\/pages\/8052\/revisions"}],"predecessor-version":[{"id":8223,"href":"https:\/\/anp-genealogy.ch\/fr\/wp-json\/wp\/v2\/pages\/8052\/revisions\/8223"}],"wp:attachment":[{"href":"https:\/\/anp-genealogy.ch\/fr\/wp-json\/wp\/v2\/media?parent=8052"}],"curies":[{"name":"wp","href":"https:\/\/api.w.org\/{rel}","templated":true}]}}