{"id":7836,"date":"2025-02-03T05:45:41","date_gmt":"2025-02-03T03:45:41","guid":{"rendered":"https:\/\/anp-genealogy.ch\/kontakt\/"},"modified":"2026-03-31T18:51:42","modified_gmt":"2026-03-31T16:51:42","slug":"kontakt","status":"publish","type":"page","link":"https:\/\/anp-genealogy.ch\/de\/kontakt\/","title":{"rendered":"Kontakt"},"content":{"rendered":"\t\t<div data-elementor-type=\"wp-page\" data-elementor-id=\"7836\" class=\"elementor elementor-7836 elementor-293\" data-elementor-post-type=\"page\">\n\t\t\t\t<div class=\"elementor-element elementor-element-0f8a4a6 e-flex e-con-boxed e-con e-parent\" data-id=\"0f8a4a6\" data-element_type=\"container\" data-e-type=\"container\" data-settings=\"{&quot;background_background&quot;:&quot;classic&quot;}\">\n\t\t\t\t\t<div class=\"e-con-inner\">\n\t\t\t\t<div class=\"elementor-element elementor-element-fe366d1 elementor-widget__width-initial elementor-invisible elementor-widget elementor-widget-heading\" data-id=\"fe366d1\" data-element_type=\"widget\" data-e-type=\"widget\" data-settings=\"{&quot;_animation&quot;:&quot;fadeInUp&quot;,&quot;_animation_delay&quot;:200}\" data-widget_type=\"heading.default\">\n\t\t\t\t<div class=\"elementor-widget-container\">\n\t\t\t\t\t<h2 class=\"elementor-heading-title elementor-size-default\">Nehmen Sie Kontakt auf \u2014 sprechen Sie mit einer Fallmanagerin oder einem Fallmanager<\/h2>\t\t\t\t<\/div>\n\t\t\t\t<\/div>\n\t\t\t\t<div class=\"elementor-element elementor-element-d405330 elementor-invisible elementor-widget elementor-widget-text-editor\" data-id=\"d405330\" data-element_type=\"widget\" data-e-type=\"widget\" data-settings=\"{&quot;_animation&quot;:&quot;fadeInUp&quot;}\" data-widget_type=\"text-editor.default\">\n\t\t\t\t<div class=\"elementor-widget-container\">\n\t\t\t\t\t\t\t\t\t<p>Schildern Sie uns Ihr Anliegen, und wir zeigen Ihnen die klaren n\u00e4chsten Schritte auf: Umfang, Zeitrahmen und erforderliche Unterlagen. Wir arbeiten in der Schweiz und grenz\u00fcberschreitend und liefern rechtssichere Recherchen mit diskreter, DSGVO-konformer Bearbeitung.<\/p>\n\t\t\t\t\t\t\t\t<\/div>\n\t\t\t\t<\/div>\n\t\t<div class=\"elementor-element elementor-element-e92a1f9 e-con-full e-grid elementor-invisible e-con e-child\" data-id=\"e92a1f9\" data-element_type=\"container\" data-e-type=\"container\" data-settings=\"{&quot;background_background&quot;:&quot;classic&quot;,&quot;animation&quot;:&quot;fadeIn&quot;,&quot;animation_delay&quot;:200}\">\n\t\t<div class=\"elementor-element elementor-element-761aea7 e-con-full e-flex e-con e-child\" data-id=\"761aea7\" data-element_type=\"container\" data-e-type=\"container\">\n\t\t\t\t<div class=\"elementor-element elementor-element-cbeabd0 elementor-widget elementor-widget-heading\" data-id=\"cbeabd0\" data-element_type=\"widget\" data-e-type=\"widget\" data-widget_type=\"heading.default\">\n\t\t\t\t<div class=\"elementor-widget-container\">\n\t\t\t\t\t<h2 class=\"elementor-heading-title elementor-size-default\">Unser B\u00fcro<\/h2>\t\t\t\t<\/div>\n\t\t\t\t<\/div>\n\t\t\t\t<div class=\"elementor-element elementor-element-372fa52 elementor-widget elementor-widget-heading\" data-id=\"372fa52\" data-element_type=\"widget\" data-e-type=\"widget\" data-widget_type=\"heading.default\">\n\t\t\t\t<div class=\"elementor-widget-container\">\n\t\t\t\t\t<h4 class=\"elementor-heading-title elementor-size-default\">Adresse<\/h4>\t\t\t\t<\/div>\n\t\t\t\t<\/div>\n\t\t\t\t<div class=\"elementor-element elementor-element-6f08195 elementor-mobile-align-start elementor-list-item-link-inline elementor-icon-list--layout-traditional elementor-widget elementor-widget-icon-list\" data-id=\"6f08195\" data-element_type=\"widget\" data-e-type=\"widget\" data-widget_type=\"icon-list.default\">\n\t\t\t\t<div class=\"elementor-widget-container\">\n\t\t\t\t\t\t\t<ul class=\"elementor-icon-list-items\">\n\t\t\t\t\t\t\t<li class=\"elementor-icon-list-item\">\n\t\t\t\t\t\t\t\t\t\t<span class=\"elementor-icon-list-text\">Aicher, Nobs &amp; Partner GmbH<\/span>\n\t\t\t\t\t\t\t\t\t<\/li>\n\t\t\t\t\t\t\t\t<li class=\"elementor-icon-list-item\">\n\t\t\t\t\t\t\t\t\t\t<span class=\"elementor-icon-list-text\">Selnaustrasse 33  8001, Z\u00fcrich, Schweiz<\/span>\n\t\t\t\t\t\t\t\t\t<\/li>\n\t\t\t\t\t\t<\/ul>\n\t\t\t\t\t\t<\/div>\n\t\t\t\t<\/div>\n\t\t\t\t<div class=\"elementor-element elementor-element-500cad1 elementor-widget elementor-widget-heading\" data-id=\"500cad1\" data-element_type=\"widget\" data-e-type=\"widget\" data-widget_type=\"heading.default\">\n\t\t\t\t<div class=\"elementor-widget-container\">\n\t\t\t\t\t<h4 class=\"elementor-heading-title elementor-size-default\">Kontakt<\/h4>\t\t\t\t<\/div>\n\t\t\t\t<\/div>\n\t\t\t\t<div class=\"elementor-element elementor-element-20d3d60 elementor-mobile-align-start elementor-list-item-link-inline elementor-icon-list--layout-traditional elementor-widget elementor-widget-icon-list\" data-id=\"20d3d60\" data-element_type=\"widget\" data-e-type=\"widget\" data-widget_type=\"icon-list.default\">\n\t\t\t\t<div class=\"elementor-widget-container\">\n\t\t\t\t\t\t\t<ul class=\"elementor-icon-list-items\">\n\t\t\t\t\t\t\t<li class=\"elementor-icon-list-item\">\n\t\t\t\t\t\t\t\t\t\t<span class=\"elementor-icon-list-text\">Telefon: +41 (0) 44 742 20 83<\/span>\n\t\t\t\t\t\t\t\t\t<\/li>\n\t\t\t\t\t\t\t\t<li class=\"elementor-icon-list-item\">\n\t\t\t\t\t\t\t\t\t\t<span class=\"elementor-icon-list-text\">Fax: +41 (0) 44 742 20 84<\/span>\n\t\t\t\t\t\t\t\t\t<\/li>\n\t\t\t\t\t\t\t\t<li class=\"elementor-icon-list-item\">\n\t\t\t\t\t\t\t\t\t\t<span class=\"elementor-icon-list-text\">office@anp-genealogy.ch<\/span>\n\t\t\t\t\t\t\t\t\t<\/li>\n\t\t\t\t\t\t<\/ul>\n\t\t\t\t\t\t<\/div>\n\t\t\t\t<\/div>\n\t\t\t\t<\/div>\n\t\t<div class=\"elementor-element elementor-element-df599f4 e-con-full e-flex e-con e-child\" data-id=\"df599f4\" data-element_type=\"container\" data-e-type=\"container\">\n\t\t\t\t<div class=\"elementor-element elementor-element-06c513c elementor-widget elementor-widget-heading\" data-id=\"06c513c\" data-element_type=\"widget\" data-e-type=\"widget\" data-widget_type=\"heading.default\">\n\t\t\t\t<div class=\"elementor-widget-container\">\n\t\t\t\t\t<h2 class=\"elementor-heading-title elementor-size-default\">Kontaktieren Sie uns<\/h2>\t\t\t\t<\/div>\n\t\t\t\t<\/div>\n\t\t\t\t<div class=\"elementor-element elementor-element-642bc81 elementor-widget elementor-widget-template\" data-id=\"642bc81\" data-element_type=\"widget\" data-e-type=\"widget\" data-widget_type=\"template.default\">\n\t\t\t\t<div class=\"elementor-widget-container\">\n\t\t\t\t\t\t\t<div class=\"elementor-template\">\n\t\t\t\t\t<div data-elementor-type=\"section\" data-elementor-id=\"7816\" class=\"elementor elementor-7816 elementor-85\" data-elementor-post-type=\"elementor_library\">\n\t\t\t<div class=\"elementor-element elementor-element-16281ced e-con-full e-flex e-con e-parent\" data-id=\"16281ced\" data-element_type=\"container\" data-e-type=\"container\">\n\t\t<div class=\"elementor-element elementor-element-20f79e87 e-con-full e-flex e-con e-child\" data-id=\"20f79e87\" data-element_type=\"container\" data-e-type=\"container\">\n\t\t\t\t<div class=\"elementor-element elementor-element-4aa30b8 elementor-button-align-start elementor-widget elementor-widget-form\" data-id=\"4aa30b8\" data-element_type=\"widget\" data-e-type=\"widget\" data-settings=\"{&quot;step_next_label&quot;:&quot;Weiter&quot;,&quot;step_previous_label&quot;:&quot;Zur\\u00fcck&quot;,&quot;button_width&quot;:&quot;100&quot;,&quot;step_type&quot;:&quot;number_text&quot;,&quot;step_icon_shape&quot;:&quot;circle&quot;}\" data-widget_type=\"form.default\">\n\t\t\t\t<div class=\"elementor-widget-container\">\n\t\t\t\t\t\t\t<form class=\"elementor-form\" method=\"post\" id=\"contact_id\" name=\"Kontaktformular\" aria-label=\"Kontaktformular\" novalidate=\"\">\n\t\t\t<input type=\"hidden\" name=\"post_id\" value=\"7816\"\/>\n\t\t\t<input type=\"hidden\" name=\"form_id\" value=\"4aa30b8\"\/>\n\t\t\t<input type=\"hidden\" name=\"referer_title\" value=\"\" \/>\n\n\t\t\t\n\t\t\t<div class=\"elementor-form-fields-wrapper elementor-labels-above\">\n\t\t\t\t\t\t\t\t<div class=\"elementor-field-type-text elementor-field-group elementor-column elementor-field-group-first_name elementor-col-50 elementor-field-required elementor-mark-required\">\n\t\t\t\t\t\t\t\t\t\t\t\t<label for=\"form-field-first_name\" class=\"elementor-field-label\">\n\t\t\t\t\t\t\t\tVorname\t\t\t\t\t\t\t<\/label>\n\t\t\t\t\t\t\t\t\t\t\t\t\t\t<input size=\"1\" type=\"text\" name=\"form_fields[first_name]\" id=\"form-field-first_name\" class=\"elementor-field elementor-size-sm  elementor-field-textual\" required=\"required\">\n\t\t\t\t\t\t\t\t\t\t\t<\/div>\n\t\t\t\t\t\t\t\t<div class=\"elementor-field-type-text elementor-field-group elementor-column elementor-field-group-last_name elementor-col-50 elementor-field-required elementor-mark-required\">\n\t\t\t\t\t\t\t\t\t\t\t\t<label for=\"form-field-last_name\" class=\"elementor-field-label\">\n\t\t\t\t\t\t\t\tNachname\t\t\t\t\t\t\t<\/label>\n\t\t\t\t\t\t\t\t\t\t\t\t\t\t<input size=\"1\" type=\"text\" name=\"form_fields[last_name]\" id=\"form-field-last_name\" class=\"elementor-field elementor-size-sm  elementor-field-textual\" required=\"required\">\n\t\t\t\t\t\t\t\t\t\t\t<\/div>\n\t\t\t\t\t\t\t\t<div class=\"elementor-field-type-email elementor-field-group elementor-column elementor-field-group-email_address elementor-col-50 elementor-field-required elementor-mark-required\">\n\t\t\t\t\t\t\t\t\t\t\t\t<label for=\"form-field-email_address\" class=\"elementor-field-label\">\n\t\t\t\t\t\t\t\tE-Mail\t\t\t\t\t\t\t<\/label>\n\t\t\t\t\t\t\t\t\t\t\t\t\t\t<input size=\"1\" type=\"email\" name=\"form_fields[email_address]\" id=\"form-field-email_address\" class=\"elementor-field elementor-size-sm  elementor-field-textual\" required=\"required\">\n\t\t\t\t\t\t\t\t\t\t\t<\/div>\n\t\t\t\t\t\t\t\t<div class=\"elementor-field-type-tel elementor-field-group elementor-column elementor-field-group-phone elementor-col-50 elementor-field-required elementor-mark-required\">\n\t\t\t\t\t\t\t\t\t\t\t\t<label for=\"form-field-phone\" class=\"elementor-field-label\">\n\t\t\t\t\t\t\t\tTelefon\t\t\t\t\t\t\t<\/label>\n\t\t\t\t\t\t\t\t<input size=\"1\" type=\"tel\" name=\"form_fields[phone]\" id=\"form-field-phone\" class=\"elementor-field elementor-size-sm  elementor-field-textual\" required=\"required\" pattern=\"[0-9()#&amp;+*-=.]+\" title=\"Only numbers and phone characters (#, -, *, etc) are accepted.\">\n\n\t\t\t\t\t\t<\/div>\n\t\t\t\t\t\t\t\t<div class=\"elementor-field-type-textarea elementor-field-group elementor-column elementor-field-group-message elementor-col-100 elementor-field-required elementor-mark-required\">\n\t\t\t\t\t\t\t\t\t\t\t\t<label for=\"form-field-message\" class=\"elementor-field-label\">\n\t\t\t\t\t\t\t\tNachricht\t\t\t\t\t\t\t<\/label>\n\t\t\t\t\t\t<textarea class=\"elementor-field-textual elementor-field  elementor-size-sm\" name=\"form_fields[message]\" id=\"form-field-message\" rows=\"4\" required=\"required\"><\/textarea>\t\t\t\t<\/div>\n\t\t\t\t\t\t\t\t<div class=\"elementor-field-type-acceptance elementor-field-group elementor-column elementor-field-group-acceptance elementor-col-100 elementor-field-required elementor-mark-required\">\n\t\t\t\t\t\t\t\t\t\t\t\t<label for=\"form-field-acceptance\" class=\"elementor-field-label\">\n\t\t\t\t\t\t\t\tDSGVO-Einwilligung\t\t\t\t\t\t\t<\/label>\n\t\t\t\t\t\t\t\t<div class=\"elementor-field-subgroup\">\n\t\t\t<span class=\"elementor-field-option\">\n\t\t\t\t<input type=\"checkbox\" name=\"form_fields[acceptance]\" id=\"form-field-acceptance\" class=\"elementor-field elementor-size-sm  elementor-acceptance-field\" required=\"required\">\n\t\t\t\t<label for=\"form-field-acceptance\">Sie erkl\u00e4ren sich damit einverstanden, dass Ihre Angaben zum Zweck der Kontaktaufnahme gem\u00e4\u00df der Datenschutzerkl\u00e4rung und den Bedingungen gespeichert werden<\/label>\t\t\t<\/span>\n\t\t<\/div>\n\t\t\t\t\t\t<\/div>\n\t\t\t\t\t\t\t\t<div class=\"elementor-field-type-recaptcha elementor-field-group elementor-column elementor-field-group-recaptcha elementor-col-100\">\n\t\t\t\t\t<div class=\"elementor-field\" id=\"form-field-recaptcha\"><div class=\"elementor-g-recaptcha\" data-sitekey=\"6LeslIksAAAAALGfsuYxrEpPb09ivFfYRWoSEKcf\" data-type=\"v2_checkbox\" data-theme=\"light\" data-size=\"normal\"><\/div><\/div>\t\t\t\t<\/div>\n\t\t\t\t\t\t\t\t<div class=\"elementor-field-type-hidden elementor-field-group elementor-column elementor-field-group-language elementor-col-100\">\n\t\t\t\t\t\t\t\t\t\t\t\t\t<input size=\"1\" type=\"hidden\" name=\"form_fields[language]\" id=\"form-field-language\" class=\"elementor-field elementor-size-sm  elementor-field-textual\" value=\"[iso_language]\">\n\t\t\t\t\t\t\t\t\t\t\t<\/div>\n\t\t\t\t\t\t\t\t<div class=\"elementor-field-group elementor-column elementor-field-type-submit elementor-col-100 e-form__buttons\">\n\t\t\t\t\t<button class=\"elementor-button elementor-size-sm\" type=\"submit\">\n\t\t\t\t\t\t<span class=\"elementor-button-content-wrapper\">\n\t\t\t\t\t\t\t\t\t\t\t\t\t\t\t\t\t\t\t\t\t\t<span class=\"elementor-button-text\">Senden<\/span>\n\t\t\t\t\t\t\t\t\t\t\t\t\t<\/span>\n\t\t\t\t\t<\/button>\n\t\t\t\t<\/div>\n\t\t\t<\/div>\n\t\t<\/form>\n\t\t\t\t\t\t<\/div>\n\t\t\t\t<\/div>\n\t\t\t\t<\/div>\n\t\t\t\t<\/div>\n\t\t\t\t<\/div>\n\t\t\t\t<\/div>\n\t\t\t\t\t\t<\/div>\n\t\t\t\t<\/div>\n\t\t\t\t<\/div>\n\t\t\t\t<\/div>\n\t\t\t\t\t<\/div>\n\t\t\t\t<\/div>\n\t\t<div class=\"elementor-element elementor-element-0cccedb e-con-full e-flex e-con e-parent\" data-id=\"0cccedb\" data-element_type=\"container\" data-e-type=\"container\" data-settings=\"{&quot;background_background&quot;:&quot;classic&quot;}\">\n\t\t\t\t<div class=\"elementor-element elementor-element-08f4c20 elementor-invisible elementor-widget elementor-widget-template\" data-id=\"08f4c20\" data-element_type=\"widget\" data-e-type=\"widget\" data-settings=\"{&quot;_animation&quot;:&quot;fadeIn&quot;}\" data-widget_type=\"template.default\">\n\t\t\t\t<div class=\"elementor-widget-container\">\n\t\t\t\t\t\t\t<div class=\"elementor-template\">\n\t\t\t\t\t<div data-elementor-type=\"container\" data-elementor-id=\"2522\" class=\"elementor elementor-2522\" data-elementor-post-type=\"elementor_library\">\n\t\t\t\t<div class=\"elementor-element elementor-element-4d1fc12a e-con-full e-flex e-con e-parent\" data-id=\"4d1fc12a\" data-element_type=\"container\" data-e-type=\"container\">\n\t\t\t\t<div class=\"elementor-element elementor-element-3be74c93 elementor-widget elementor-widget-google_maps_pro\" data-id=\"3be74c93\" data-element_type=\"widget\" data-e-type=\"widget\" data-widget_type=\"google_maps_pro.default\">\n\t\t\t\t<div class=\"elementor-widget-container\">\n\t\t\t\t\t        <div class=\"google-maps-container\" \n             style=\"width: 100%; height: 650px; border-radius: px px px px;\"\n             data-lat=\"0\"\n             data-lng=\"0\"\n             data-location=\"\"\n             data-zoom=\"17\"\n             data-map-type=\"gray\"\n             data-admin=\"false\"\n             data-markers='[{\"lat\":null,\"lng\":null,\"label\":\"Aicher, Nobs und Partner GmbH\",\"_id\":\"bc761ac\",\"search_address\":\"\",\"use_place_id\":\"yes\",\"placeID\":\"ChIJVWNhmPcLkEcRSS8mfAq-tu4\"}]'\n             data-default-place-id=\"ChIJVWNhmPcLkEcRSS8mfAq-tu4\"><\/div>\n\n        <script>\n            var geocoder;\n            var mapInstances;\n\n            if (typeof mapInstances === 'undefined') {\n                var mapInstances = {};\n            }\n\n\n            function initMap() {\n                if (!geocoder) {\n                    geocoder = new google.maps.Geocoder(); \/\/ Initialize geocoder\n                }\n                document.querySelectorAll('.google-maps-container').forEach(container => {\n                    const containerId = container.dataset.lat + container.dataset.lng + container.dataset.zoom;\n\n                    if (mapInstances[containerId]) {\n                        google.maps.event.clearInstanceListeners(mapInstances[containerId]);\n                        mapInstances[containerId] = null;\n                    }\n\n                    let defaultLat = parseFloat(container.dataset.lat) || 0;\n                    let defaultLng = parseFloat(container.dataset.lng) || 0;\n\n                    if (container.dataset.defaultPlaceId) {\n                        fetchCachedLocation(container.dataset.defaultPlaceId, function(location) {\n                            defaultLat = location.lat;\n                            defaultLng = location.lng;\n                            initializeMap(container, defaultLat, defaultLng);\n                        });\n                    } else {\n                        initializeMap(container, defaultLat, defaultLng);\n                    }\n                });\n            }\n\n            function fetchCachedLocation(placeId, callback) {\n                if (!geocoder) {\n                    console.error('Geocoder is not initialized.');\n                    return;\n                }\n                const cacheKey = `google_maps_place_${placeId}`;\n                const cachedLocation = localStorage.getItem(cacheKey);\n\n                if (cachedLocation) {\n                    callback(JSON.parse(cachedLocation));\n                } else {\n                    geocoder.geocode({ placeId: placeId }, function(results, status) {\n                        if (status === 'OK' && results[0]) {\n                            const location = results[0].geometry.location;\n                            const latLng = { lat: location.lat(), lng: location.lng() };\n\n                            localStorage.setItem(cacheKey, JSON.stringify(latLng));\n                            callback(latLng);\n                        } else {\n                            console.error('Geocode failed for Place ID:', placeId, 'Status:', status);\n                        }\n                    });\n                }\n            }\n\n            function initializeMap(container, lat, lng) {\n                if (!container || !lat || !lng) {\n                    console.error('Invalid map container or coordinates.');\n                    return;\n                }\n\n                var mapOptions = {\n                    center: { lat: lat, lng: lng },\n                    zoom: parseInt(container.dataset.zoom),\n                    mapTypeId: container.dataset.mapType === 'gray' ? 'roadmap' : container.dataset.mapType,\n                    disableDefaultUI: true,\n                    draggable: false,\n                };\n\n                if (container.dataset.mapType === 'gray') {\n                    mapOptions.styles = [{ stylers: [{ saturation: -100 }] }];\n                }\n\n                var map = new google.maps.Map(container, mapOptions);\n                const containerId = container.dataset.lat + container.dataset.lng + container.dataset.zoom;\n                mapInstances[containerId] = map;\n\n                JSON.parse(container.dataset.markers).forEach(marker => {\n                    if (marker.use_place_id === 'yes' && marker.placeID) {\n                        fetchCachedLocation(marker.placeID, function(location) {\n                            new google.maps.Marker({\n                                position: { lat: location.lat, lng: location.lng },\n                                map: map,\n                                title: marker.label,\n                            });\n                            });\n                    } else if (marker.lat && marker.lng) {\n                        new google.maps.Marker({\n                            position: { lat: parseFloat(marker.lat), lng: parseFloat(marker.lng) },\n                            map: map,\n                            title: marker.label,\n                        });\n                    }\n                });\n            }\n\n            document.addEventListener(\"DOMContentLoaded\", function() {\n                if (typeof google !== 'undefined' && google.maps) {\n                    initMap();\n                    geocoder = new google.maps.Geocoder();\n                } else {\n                    window.initMap = function() {\n                        geocoder = new google.maps.Geocoder(); \/\/ Initialize geocoder here\n                        initMap();\n                    };\n                }\n            });\n\n            if (window.elementorFrontend && window.elementorFrontend.hooks) {\n                elementorFrontend.hooks.addAction('frontend\/element_ready\/google_maps_pro.default', function() {\n                    initMap();\n                });\n            }\n\n            if (window.elementor && window.elementor.hooks) {\n                elementor.hooks.addAction('panel\/open_editor\/widget', function(panel, model) {\n                    if (model.get('widgetType') === 'google_maps_pro') {\n                        model.on('change', function() {\n                            const widgetId = model.get('id');\n                            const widgetElement = document.querySelector(`[data-id=\"${widgetId}\"]`);\n\n                            if (widgetElement && window.elementorFrontend) {\n                                window.elementorFrontend.hooks.doAction('frontend\/element_ready\/google_maps_pro.default', widgetElement);\n                            }\n                        });\n                    }\n                });\n            }\n        <\/script>\n        \t\t\t\t<\/div>\n\t\t\t\t<\/div>\n\t\t\t\t<\/div>\n\t\t\t\t<\/div>\n\t\t\t\t<\/div>\n\t\t\t\t\t\t<\/div>\n\t\t\t\t<\/div>\n\t\t\t\t<\/div>\n\t\t\t\t<\/div>\n\t\t","protected":false},"excerpt":{"rendered":"<p>Nehmen Sie Kontakt auf \u2014 sprechen Sie mit einer Fallmanagerin oder einem Fallmanager Schildern Sie uns Ihr Anliegen, und wir zeigen Ihnen die klaren n\u00e4chsten Schritte auf: Umfang, Zeitrahmen und erforderliche Unterlagen. Wir arbeiten in der Schweiz und grenz\u00fcberschreitend und liefern rechtssichere Recherchen mit diskreter, DSGVO-konformer Bearbeitung. Unser B\u00fcro Adresse Aicher, Nobs &amp; Partner GmbH [&hellip;]<\/p>\n","protected":false},"author":1,"featured_media":0,"parent":0,"menu_order":0,"comment_status":"closed","ping_status":"closed","template":"","meta":{"footnotes":""},"class_list":["post-7836","page","type-page","status-publish","hentry"],"_links":{"self":[{"href":"https:\/\/anp-genealogy.ch\/de\/wp-json\/wp\/v2\/pages\/7836","targetHints":{"allow":["GET"]}}],"collection":[{"href":"https:\/\/anp-genealogy.ch\/de\/wp-json\/wp\/v2\/pages"}],"about":[{"href":"https:\/\/anp-genealogy.ch\/de\/wp-json\/wp\/v2\/types\/page"}],"author":[{"embeddable":true,"href":"https:\/\/anp-genealogy.ch\/de\/wp-json\/wp\/v2\/users\/1"}],"replies":[{"embeddable":true,"href":"https:\/\/anp-genealogy.ch\/de\/wp-json\/wp\/v2\/comments?post=7836"}],"version-history":[{"count":1,"href":"https:\/\/anp-genealogy.ch\/de\/wp-json\/wp\/v2\/pages\/7836\/revisions"}],"predecessor-version":[{"id":7837,"href":"https:\/\/anp-genealogy.ch\/de\/wp-json\/wp\/v2\/pages\/7836\/revisions\/7837"}],"wp:attachment":[{"href":"https:\/\/anp-genealogy.ch\/de\/wp-json\/wp\/v2\/media?parent=7836"}],"curies":[{"name":"wp","href":"https:\/\/api.w.org\/{rel}","templated":true}]}}