{"id":7834,"date":"2025-02-09T17:18:13","date_gmt":"2025-02-09T15:18:13","guid":{"rendered":"https:\/\/anp-genealogy.ch\/haftungsausschluss\/"},"modified":"2026-03-31T19:06:20","modified_gmt":"2026-03-31T17:06:20","slug":"haftungsausschluss","status":"publish","type":"page","link":"https:\/\/anp-genealogy.ch\/de\/haftungsausschluss\/","title":{"rendered":"Haftungsausschluss"},"content":{"rendered":"\t\t<div data-elementor-type=\"wp-page\" data-elementor-id=\"7834\" class=\"elementor elementor-7834 elementor-2716\" data-elementor-post-type=\"page\">\n\t\t\t\t<div class=\"elementor-element elementor-element-618064b2 e-flex e-con-boxed e-con e-parent\" data-id=\"618064b2\" data-element_type=\"container\" data-e-type=\"container\">\n\t\t\t\t\t<div class=\"e-con-inner\">\n\t\t\t\t<div class=\"elementor-element elementor-element-26f0758 elementor-widget elementor-widget-shortcode\" data-id=\"26f0758\" data-element_type=\"widget\" data-e-type=\"widget\" data-widget_type=\"shortcode.default\">\n\t\t\t\t<div class=\"elementor-widget-container\">\n\t\t\t\t\t\t\t<div class=\"elementor-shortcode\">\n<!-- Legal document generated by Complianz | GDPR\/CCPA Cookie Consent https:\/\/wordpress.org\/plugins\/complianz-gdpr -->\n<div id=\"cmplz-document\" class=\"cmplz-document disclaimer cmplz-document-all\"><p>Aicher, Nobs and Partner GmbH ist bestrebt, diese Website aktuell und korrekt zu halten. Sollten Sie dennoch auf fehlerhafte oder veraltete Informationen sto\u00dfen, bitten wir Sie, uns dies mitzuteilen. Bitte geben Sie an, wo auf der Website Sie die entsprechende Information gefunden haben. Wir werden uns dann schnellstm\u00f6glich darum k\u00fcmmern. Bitte senden Sie Ihre Antwort per E-Mail an: <span class=\"cmplz-obfuscate\">of&#102;i&#099;&#101;@<span class=\"cmplz-fmail-domain\">ex.&#099;om<\/span>a&#110;&#112;-genea&#108;o&#103;&#121;&#046;&#099;h<\/span>.<\/p><p>Wir haften nicht f\u00fcr Verluste, die durch Ungenauigkeiten oder Unvollst\u00e4ndigkeit entstehen, noch f\u00fcr Verluste, die durch Probleme verursacht werden, die mit der Verbreitung von Informationen \u00fcber das Internet einhergehen oder damit verbunden sind, wie z. B. St\u00f6rungen oder Unterbrechungen. Bei der Verwendung von Webformularen bem\u00fchen wir uns, die Anzahl der Pflichtfelder auf ein Minimum zu beschr\u00e4nken. F\u00fcr Verluste, die durch die Nutzung von Daten, Ratschl\u00e4gen oder Ideen entstehen, die von oder im Namen von Aicher, Nobs and Partner GmbH \u00fcber diese Website bereitgestellt werden, \u00fcbernimmt Aicher, Nobs and Partner GmbH keine Haftung.<\/p><p>Aicher, Nobs and Partner GmbH unternimmt alle zumutbaren Anstrengungen, um seine Systeme vor jeglicher Form unrechtm\u00e4\u00dfiger Nutzung zu sch\u00fctzen. Aicher, Nobs and Partner GmbH setzt hierzu geeignete technische und organisatorische Ma\u00dfnahmen um und ber\u00fccksichtigt dabei unter anderem den Stand der Technik. Es haftet jedoch nicht f\u00fcr direkte oder indirekte Sch\u00e4den, die einem Nutzer der Website durch die unrechtm\u00e4\u00dfige Nutzung seiner Systeme durch Dritte entstehen.<\/p><p>Aicher, Nobs and Partner GmbH \u00fcbernimmt keine Verantwortung f\u00fcr die Inhalte von Webseiten, auf die oder von denen ein Hyperlink oder eine andere Referenz gesetzt wird. F\u00fcr Produkte oder Dienstleistungen Dritter gelten deren jeweilige Gesch\u00e4ftsbedingungen.<\/p><p>Alle Rechte an geistigem Eigentum bez\u00fcglich der Inhalte dieser Website liegen bei Aicher, Nobs and Partner GmbH.<\/p><p>Das Kopieren, Verbreiten und jede andere Verwendung dieser Materialien ist ohne die schriftliche Genehmigung von Aicher, Nobs and Partner GmbH nicht gestattet, au\u00dfer und nur soweit in zwingenden Rechtsvorschriften etwas anderes festgelegt ist (wie zum Beispiel das Zitatrecht), es sei denn, der jeweilige Inhalt erfordert etwas anderes.<\/p><p>Sollten Sie Fragen oder Probleme bez\u00fcglich der Zug\u00e4nglichkeit der Website haben, z\u00f6gern Sie bitte nicht, uns zu kontaktieren.<\/p><\/div><\/div>\n\t\t\t\t\t\t<\/div>\n\t\t\t\t<\/div>\n\t\t\t\t\t<\/div>\n\t\t\t\t<\/div>\n\t\t\t\t<\/div>\n\t\t","protected":false},"excerpt":{"rendered":"","protected":false},"author":1,"featured_media":0,"parent":0,"menu_order":0,"comment_status":"closed","ping_status":"closed","template":"","meta":{"footnotes":""},"class_list":["post-7834","page","type-page","status-publish","hentry"],"_links":{"self":[{"href":"https:\/\/anp-genealogy.ch\/de\/wp-json\/wp\/v2\/pages\/7834","targetHints":{"allow":["GET"]}}],"collection":[{"href":"https:\/\/anp-genealogy.ch\/de\/wp-json\/wp\/v2\/pages"}],"about":[{"href":"https:\/\/anp-genealogy.ch\/de\/wp-json\/wp\/v2\/types\/page"}],"author":[{"embeddable":true,"href":"https:\/\/anp-genealogy.ch\/de\/wp-json\/wp\/v2\/users\/1"}],"replies":[{"embeddable":true,"href":"https:\/\/anp-genealogy.ch\/de\/wp-json\/wp\/v2\/comments?post=7834"}],"version-history":[{"count":1,"href":"https:\/\/anp-genealogy.ch\/de\/wp-json\/wp\/v2\/pages\/7834\/revisions"}],"predecessor-version":[{"id":7835,"href":"https:\/\/anp-genealogy.ch\/de\/wp-json\/wp\/v2\/pages\/7834\/revisions\/7835"}],"wp:attachment":[{"href":"https:\/\/anp-genealogy.ch\/de\/wp-json\/wp\/v2\/media?parent=7834"}],"curies":[{"name":"wp","href":"https:\/\/api.w.org\/{rel}","templated":true}]}}